{"id":855,"date":"2015-03-30T18:28:41","date_gmt":"2015-03-30T18:28:41","guid":{"rendered":"http:\/\/wp.roimallen.com\/?page_id=855"},"modified":"2020-07-24T11:43:13","modified_gmt":"2020-07-24T11:43:13","slug":"en-los-medios","status":"publish","type":"page","link":"https:\/\/wp.roimallen.com\/?page_id=855","title":{"rendered":"En los medios"},"content":{"rendered":"\n<div class=\"wp-block-group\"><div class=\"wp-block-group__inner-container\">\n<p>Mis trabajos han aparecido en los siguientes medios de comunicaci\u00f3n,instituciones y entidades:<\/p>\n<h3><span style=\"color: #ff6600;\"><strong>Art\u00edculo sobre gamificaci\u00f3n publicado en el blog de Vicens Vives.<\/strong><\/span><\/h3>\n<p><strong><a href=\"https:\/\/blog.vicensvives.com\/gamificacion-online-un-poderoso-aliado\/\" target=\"_blank\" rel=\"noopener noreferrer\">Enlace Gamificaci\u00f3n: Un poderoso aliado.<\/a><\/strong><\/p>\n<p>\u00a0<\/p>\n<p>\u00a0<\/p>\n<h3><span style=\"color: #ff6600;\"><strong>Consejer\u00eda de Educaci\u00f3n de la comunidad de Madrid<br \/><\/strong><\/span><\/h3>\n<p>El juego de mesa ucr\u00f3nika, creado por m\u00ed, ha sido utilizado como herramienta formativa en los centros de altas capacidades de la comunidad de Madrid. Se realiz\u00f3 una presentaci\u00f3n en la consejer\u00eda de educaci\u00f3n a los docentes y directores de los diferentes sectores de la comunidad.<\/p>\n<p><a href=\"http:\/\/wp.roimallen.com\/wp-content\/uploads\/2015\/03\/educamadriducronika.jpg\"><img loading=\"lazy\" class=\" size-large wp-image-864 aligncenter\" src=\"http:\/\/wp.roimallen.com\/wp-content\/uploads\/2015\/03\/educamadriducronika-1024x579.jpg\" alt=\"educamadriducronika\" width=\"420\" height=\"237\" srcset=\"https:\/\/wp.roimallen.com\/wp-content\/uploads\/2015\/03\/educamadriducronika-1024x579.jpg 1024w, https:\/\/wp.roimallen.com\/wp-content\/uploads\/2015\/03\/educamadriducronika-300x170.jpg 300w\" sizes=\"(max-width: 420px) 100vw, 420px\" \/><\/a><\/p>\n<p>\u00a0<\/p>\n<h3><span style=\"color: #ff6600;\"><strong>Presentaci\u00f3n en Dinamo Coworking<br \/><\/strong><\/span><\/h3>\n<p>Presentaci\u00f3n del juego de mesa ucr\u00f3nika en Dinamo Coworking.<\/p>\n<p><img loading=\"lazy\" class=\"alignleft size-large wp-image-842\" src=\"http:\/\/wp.roimallen.com\/wp-content\/uploads\/2013\/12\/presentacionucronika3-1024x659.jpg\" alt=\"presentacionucronika3\" width=\"420\" height=\"270\" srcset=\"https:\/\/wp.roimallen.com\/wp-content\/uploads\/2013\/12\/presentacionucronika3-1024x659.jpg 1024w, https:\/\/wp.roimallen.com\/wp-content\/uploads\/2013\/12\/presentacionucronika3-300x193.jpg 300w\" sizes=\"(max-width: 420px) 100vw, 420px\" \/><\/p>\n<p>\u00a0<\/p>\n<p>\u00a0<\/p>\n<p>\u00a0<\/p>\n<p>\u00a0<\/p>\n<h3>\u00a0<\/h3>\n<h3>\u00a0<\/h3>\n<h3><span style=\"color: #ff6600;\"><strong>Televisi\u00f3n<\/strong><\/span><\/h3>\n<p>Reportaje de Ucr\u00f3nika en la Televisi\u00f3n de Galicia, en el programa Revista de fin de semana del 15\/03\/2015.<\/p>\n<p><a href=\"http:\/\/www.crtvg.es\/informativos\/ucronika-un-xogo-de-mesa-galego-que-permite-reinventar-a-historia-1045336\" target=\"_blank\" rel=\"noopener noreferrer\">Enlace al reportaje.<\/a><\/p>\n<div id=\"attachment_861\" style=\"width: 515px\" class=\"wp-caption alignleft\"><a href=\"http:\/\/www.crtvg.es\/informativos\/ucronika-un-xogo-de-mesa-galego-que-permite-reinventar-a-historia-1045336\" target=\"_blank\" rel=\"noopener noreferrer\"><img aria-describedby=\"caption-attachment-861\" loading=\"lazy\" class=\"wp-image-861 size-full\" src=\"http:\/\/wp.roimallen.com\/wp-content\/uploads\/2015\/03\/entrevista-tvg1.jpg\" alt=\"entrevista tvg\" width=\"505\" height=\"261\" srcset=\"https:\/\/wp.roimallen.com\/wp-content\/uploads\/2015\/03\/entrevista-tvg1.jpg 505w, https:\/\/wp.roimallen.com\/wp-content\/uploads\/2015\/03\/entrevista-tvg1-300x155.jpg 300w\" sizes=\"(max-width: 505px) 100vw, 505px\" \/><\/a><p id=\"caption-attachment-861\" class=\"wp-caption-text\">Reportaje en la Televisi\u00f3n de Galicia<\/p><\/div>\n<p>\u00a0<\/p>\n<p>\u00a0<\/p>\n<p>\u00a0<\/p>\n<p>\u00a0<\/p>\n<h3>\u00a0<\/h3>\n<h3>\u00a0<\/h3>\n<h3>\u00a0<\/h3>\n<h3><strong><span style=\"color: #ff6600;\">Prensa escrita<\/span><\/strong><\/h3>\n<p><a href=\"http:\/\/wp.roimallen.com\/wp-content\/uploads\/2015\/03\/atlantico.jpg\" target=\"_blank\" rel=\"noopener noreferrer\"><img loading=\"lazy\" class=\"wp-image-868 size-medium\" src=\"http:\/\/wp.roimallen.com\/wp-content\/uploads\/2015\/03\/atlantico-300x218.jpg\" alt=\"atlantico\" width=\"300\" height=\"218\" srcset=\"https:\/\/wp.roimallen.com\/wp-content\/uploads\/2015\/03\/atlantico-300x218.jpg 300w, https:\/\/wp.roimallen.com\/wp-content\/uploads\/2015\/03\/atlantico-1024x744.jpg 1024w, https:\/\/wp.roimallen.com\/wp-content\/uploads\/2015\/03\/atlantico.jpg 1462w\" sizes=\"(max-width: 300px) 100vw, 300px\" \/><\/a><\/p>\n<div id=\"attachment_870\" style=\"width: 245px\" class=\"wp-caption alignleft\"><a href=\"http:\/\/wp.roimallen.com\/wp-content\/uploads\/2015\/03\/lavozdegalicia.jpg\" target=\"_blank\" rel=\"noopener noreferrer\"><img aria-describedby=\"caption-attachment-870\" loading=\"lazy\" class=\"wp-image-870 size-medium\" src=\"http:\/\/wp.roimallen.com\/wp-content\/uploads\/2015\/03\/lavozdegalicia-235x300.jpg\" alt=\"lavozdegalicia\" width=\"235\" height=\"300\" srcset=\"https:\/\/wp.roimallen.com\/wp-content\/uploads\/2015\/03\/lavozdegalicia-235x300.jpg 235w, https:\/\/wp.roimallen.com\/wp-content\/uploads\/2015\/03\/lavozdegalicia-802x1024.jpg 802w, https:\/\/wp.roimallen.com\/wp-content\/uploads\/2015\/03\/lavozdegalicia.jpg 1462w\" sizes=\"(max-width: 235px) 100vw, 235px\" \/><\/a><p id=\"caption-attachment-870\" class=\"wp-caption-text\">Art\u00edculo en la Voz de Galicia<\/p><\/div>\n<p>\u00a0<\/p>\n<p>\u00a0<\/p>\n<p>\u00a0<\/p>\n<p>\u00a0<\/p>\n<p>\u00a0<\/p>\n<p>\u00a0<\/p>\n<p>\u00a0<\/p>\n<h3>\u00a0<\/h3>\n<h3>\u00a0<\/h3>\n<h3><strong><span style=\"color: #ff6600;\">Prensa digital<br \/><\/span><\/strong><\/h3>\n<p>ABC.es<\/p>\n<p><a href=\"http:\/\/wp.roimallen.com\/wp-content\/uploads\/2015\/03\/ABDdigital.jpg\" target=\"_blank\" rel=\"noopener noreferrer\"><img loading=\"lazy\" class=\"alignleft wp-image-873 size-medium\" src=\"http:\/\/wp.roimallen.com\/wp-content\/uploads\/2015\/03\/ABDdigital-215x300.jpg\" alt=\"ABDdigital\" width=\"215\" height=\"300\" srcset=\"https:\/\/wp.roimallen.com\/wp-content\/uploads\/2015\/03\/ABDdigital-215x300.jpg 215w, https:\/\/wp.roimallen.com\/wp-content\/uploads\/2015\/03\/ABDdigital-735x1024.jpg 735w, https:\/\/wp.roimallen.com\/wp-content\/uploads\/2015\/03\/ABDdigital.jpg 1010w\" sizes=\"(max-width: 215px) 100vw, 215px\" \/><\/a><\/p>\n<p>\u00a0<\/p>\n<p>\u00a0<\/p>\n<p>\u00a0<\/p>\n<p>\u00a0<\/p>\n<p>\u00a0<\/p>\n<p>\u00a0<\/p>\n<p>\u00a0<\/p>\n<p>\u00a0<\/p>\n<p>Atl\u00e1ntico.es<\/p>\n<p>\u00a0<\/p>\n<p><a href=\"http:\/\/wp.roimallen.com\/wp-content\/uploads\/2015\/03\/atlanticodigital.jpg\" target=\"_blank\" rel=\"noopener noreferrer\"><img loading=\"lazy\" class=\"alignleft wp-image-874 size-medium\" src=\"http:\/\/wp.roimallen.com\/wp-content\/uploads\/2015\/03\/atlanticodigital-194x300.jpg\" alt=\"atlanticodigital\" width=\"194\" height=\"300\" srcset=\"https:\/\/wp.roimallen.com\/wp-content\/uploads\/2015\/03\/atlanticodigital-194x300.jpg 194w, https:\/\/wp.roimallen.com\/wp-content\/uploads\/2015\/03\/atlanticodigital-661x1024.jpg 661w, https:\/\/wp.roimallen.com\/wp-content\/uploads\/2015\/03\/atlanticodigital.jpg 1231w\" sizes=\"(max-width: 194px) 100vw, 194px\" \/><\/a><\/p>\n<p>\u00a0<\/p>\n<p>\u00a0<\/p>\n<p>\u00a0<\/p>\n<p>\u00a0<\/p>\n<p>\u00a0<\/p>\n<p>\u00a0<\/p>\n<p>\u00a0<\/p>\n<p>\u00a0<\/p>\n<p>\u00a0<\/p>\n<p>\u00a0<\/p>\n<p>Vigo capital de la costa oeste<\/p>\n<p>\u00a0<\/p>\n<p><a href=\"http:\/\/wp.roimallen.com\/wp-content\/uploads\/2015\/03\/costaoestedigital.jpg\" target=\"_blank\" rel=\"noopener noreferrer\"><img loading=\"lazy\" class=\"alignleft wp-image-875 size-medium\" src=\"http:\/\/wp.roimallen.com\/wp-content\/uploads\/2015\/03\/costaoestedigital-218x300.jpg\" alt=\"costaoestedigital\" width=\"218\" height=\"300\" srcset=\"https:\/\/wp.roimallen.com\/wp-content\/uploads\/2015\/03\/costaoestedigital-218x300.jpg 218w, https:\/\/wp.roimallen.com\/wp-content\/uploads\/2015\/03\/costaoestedigital-745x1024.jpg 745w, https:\/\/wp.roimallen.com\/wp-content\/uploads\/2015\/03\/costaoestedigital.jpg 984w\" sizes=\"(max-width: 218px) 100vw, 218px\" \/><\/a><\/p>\n<p>\u00a0<\/p>\n<p>\u00a0<\/p>\n<p>\u00a0<\/p>\n<p>\u00a0<\/p>\n<p>\u00a0<\/p>\n<p>\u00a0<\/p>\n<p>\u00a0<\/p>\n<p>\u00a0<\/p>\n<p>Farodevigo.es<\/p>\n<p><a href=\"http:\/\/wp.roimallen.com\/wp-content\/uploads\/2015\/03\/Farodevigodigital.jpg\" target=\"_blank\" rel=\"noopener noreferrer\"><img loading=\"lazy\" class=\"alignleft wp-image-878 size-medium\" src=\"http:\/\/wp.roimallen.com\/wp-content\/uploads\/2015\/03\/Farodevigodigital-285x300.jpg\" alt=\"Farodevigodigital\" width=\"285\" height=\"300\" srcset=\"https:\/\/wp.roimallen.com\/wp-content\/uploads\/2015\/03\/Farodevigodigital-285x300.jpg 285w, https:\/\/wp.roimallen.com\/wp-content\/uploads\/2015\/03\/Farodevigodigital-972x1024.jpg 972w, https:\/\/wp.roimallen.com\/wp-content\/uploads\/2015\/03\/Farodevigodigital.jpg 1335w\" sizes=\"(max-width: 285px) 100vw, 285px\" \/><\/a><\/p>\n<p>\u00a0<\/p>\n<p>\u00a0<\/p>\n<p>\u00a0<\/p>\n<p>\u00a0<\/p>\n<p>\u00a0<\/p>\n<p>\u00a0<\/p>\n<p>\u00a0<\/p>\n<p>\u00a0<\/p>\n<p>Emprendedor digital<\/p>\n<p><a href=\"http:\/\/wp.roimallen.com\/wp-content\/uploads\/2015\/03\/emprendedordigital.jpg\" target=\"_blank\" rel=\"noopener noreferrer\"><img loading=\"lazy\" class=\"alignleft wp-image-879 size-medium\" src=\"http:\/\/wp.roimallen.com\/wp-content\/uploads\/2015\/03\/emprendedordigital-179x300.jpg\" alt=\"emprendedordigital\" width=\"179\" height=\"300\" srcset=\"https:\/\/wp.roimallen.com\/wp-content\/uploads\/2015\/03\/emprendedordigital-179x300.jpg 179w, https:\/\/wp.roimallen.com\/wp-content\/uploads\/2015\/03\/emprendedordigital-611x1024.jpg 611w, https:\/\/wp.roimallen.com\/wp-content\/uploads\/2015\/03\/emprendedordigital.jpg 980w\" sizes=\"(max-width: 179px) 100vw, 179px\" \/><\/a><\/p>\n<p>\u00a0<\/p>\n<p>\u00a0<\/p>\n<p>\u00a0<\/p>\n<p>\u00a0<\/p>\n<p>\u00a0<\/p>\n<p>\u00a0<\/p>\n<p>\u00a0<\/p>\n<p>\u00a0<\/p>\n<p>Vozdegalicia.es<\/p>\n<p><a href=\"http:\/\/wp.roimallen.com\/wp-content\/uploads\/2015\/03\/voz-de-galicia-online.jpg\" target=\"_blank\" rel=\"noopener noreferrer\"><img loading=\"lazy\" class=\"alignleft wp-image-880 size-medium\" src=\"http:\/\/wp.roimallen.com\/wp-content\/uploads\/2015\/03\/voz-de-galicia-online-73x300.jpg\" alt=\"voz de galicia online\" width=\"73\" height=\"300\" srcset=\"https:\/\/wp.roimallen.com\/wp-content\/uploads\/2015\/03\/voz-de-galicia-online-73x300.jpg 73w, https:\/\/wp.roimallen.com\/wp-content\/uploads\/2015\/03\/voz-de-galicia-online-248x1024.jpg 248w\" sizes=\"(max-width: 73px) 100vw, 73px\" \/><\/a><\/p>\n<p>\u00a0<\/p>\n<p>\u00a0<\/p>\n<p>\u00a0<\/p>\n<p>\u00a0<\/p>\n<p>\u00a0<\/p>\n<p>\u00a0<\/p>\n<p>\u00a0<\/p>\n<p>\u00a0<\/p>\n<h3><span style=\"color: #ff6600;\"><strong>Radio<\/strong><\/span><\/h3>\n<p>Entrevista na RadioGalega en el programa a tarde do d\u00eda 23\/02\/2015 el podcast de las 16:00, a partir del minuto 52.<\/p>\n<p><a href=\"http:\/\/www.crtvg.es\/rg\/podcast\/programa\/a-tarde\" target=\"_blank\" rel=\"noopener noreferrer\"><img loading=\"lazy\" class=\"alignleft wp-image-883 size-medium\" src=\"http:\/\/wp.roimallen.com\/wp-content\/uploads\/2015\/03\/rediogalega-240x300.jpg\" alt=\"radiogalega\" width=\"240\" height=\"300\" srcset=\"https:\/\/wp.roimallen.com\/wp-content\/uploads\/2015\/03\/rediogalega-240x300.jpg 240w, https:\/\/wp.roimallen.com\/wp-content\/uploads\/2015\/03\/rediogalega-819x1024.jpg 819w\" sizes=\"(max-width: 240px) 100vw, 240px\" \/><\/a><\/p>\n<p>\u00a0<\/p>\n<p>\u00a0<\/p>\n<div class=\"_5pbx userContent\" data-ft=\"{&quot;tn&quot;:&quot;K&quot;}\">\u00a0<\/div>\n<p>\u00a0<\/p>\n<p>\u00a0<\/p>\n<p>\u00a0<\/p>\n<p>\u00a0<\/p>\n<p>\u00a0<\/p>\n<p>\u00a0<\/p>\n<div class=\"_5pbx userContent\" data-ft=\"{&quot;tn&quot;:&quot;K&quot;}\">\n<p>Entrevista sobre ucr\u00f3nika en RadioVoz, en el programa voces de Galicia, minuto 48.<br \/><a href=\"http:\/\/www.ivoox.com\/2-hora-el-concello-centro-de-audios-mp3_rf_4123525_1.html\" target=\"_blank\" rel=\"noopener noreferrer\"><img loading=\"lazy\" class=\"alignleft wp-image-885 size-medium\" src=\"http:\/\/wp.roimallen.com\/wp-content\/uploads\/2015\/03\/roiradiovoz-240x300.jpg\" alt=\"roiradiovoz\" width=\"240\" height=\"300\" srcset=\"https:\/\/wp.roimallen.com\/wp-content\/uploads\/2015\/03\/roiradiovoz-240x300.jpg 240w, https:\/\/wp.roimallen.com\/wp-content\/uploads\/2015\/03\/roiradiovoz-819x1024.jpg 819w\" sizes=\"(max-width: 240px) 100vw, 240px\" \/><\/a><\/p>\n<\/div>\n<p>\u00a0<\/p>\n<p>\u00a0<\/p>\n<p>\u00a0<\/p>\n<p>\u00a0<\/p>\n<p>\u00a0<\/p>\n<p>\u00a0<\/p>\n<p>\u00a0<\/p>\n<h3><strong><span style=\"color: #ff6600;\">Art\u00edculo en Tiching: Blog de educaci\u00f3n y TIC<\/span><br \/><\/strong><\/h3>\n<p>\u00a0<\/p>\n<p><img loading=\"lazy\" class=\"alignleft size-large wp-image-1578\" src=\"http:\/\/wp.roimallen.com\/wp-content\/uploads\/2020\/05\/articulo-tiching-839x1024.jpg\" alt=\"\" width=\"420\" height=\"513\" srcset=\"https:\/\/wp.roimallen.com\/wp-content\/uploads\/2020\/05\/articulo-tiching-839x1024.jpg 839w, https:\/\/wp.roimallen.com\/wp-content\/uploads\/2020\/05\/articulo-tiching-246x300.jpg 246w, https:\/\/wp.roimallen.com\/wp-content\/uploads\/2020\/05\/articulo-tiching-768x937.jpg 768w, https:\/\/wp.roimallen.com\/wp-content\/uploads\/2020\/05\/articulo-tiching-1259x1536.jpg 1259w, https:\/\/wp.roimallen.com\/wp-content\/uploads\/2020\/05\/articulo-tiching-1678x2048.jpg 1678w, https:\/\/wp.roimallen.com\/wp-content\/uploads\/2020\/05\/articulo-tiching.jpg 1920w\" sizes=\"(max-width: 420px) 100vw, 420px\" \/><\/p>\n<p>\u00a0<\/p>\n<p>\u00a0<\/p>\n<p>\u00a0<\/p>\n<p>\u00a0<\/p>\n<p>\u00a0<\/p>\n<p>\u00a0<\/p>\n<p>\u00a0<\/p>\n<p>\u00a0<\/p>\n<p>\u00a0<\/p>\n<p>\u00a0<\/p>\n<p>\u00a0<\/p>\n<p>\u00a0<\/p>\n<p>\u00a0<\/p>\n<p>\u00a0<\/p>\n<p><a href=\"http:\/\/blog.tiching.com\/ucronika-el-juego-narrativo-como-estrategia-de-aprendizaje\/\">Enlace al art\u00edculo<\/a><\/p>\n<p>\u00a0<\/p>\n<\/div><\/div>\n","protected":false},"excerpt":{"rendered":"","protected":false},"author":1,"featured_media":802,"parent":0,"menu_order":2,"comment_status":"closed","ping_status":"closed","template":"","meta":[],"_links":{"self":[{"href":"https:\/\/wp.roimallen.com\/index.php?rest_route=\/wp\/v2\/pages\/855"}],"collection":[{"href":"https:\/\/wp.roimallen.com\/index.php?rest_route=\/wp\/v2\/pages"}],"about":[{"href":"https:\/\/wp.roimallen.com\/index.php?rest_route=\/wp\/v2\/types\/page"}],"author":[{"embeddable":true,"href":"https:\/\/wp.roimallen.com\/index.php?rest_route=\/wp\/v2\/users\/1"}],"replies":[{"embeddable":true,"href":"https:\/\/wp.roimallen.com\/index.php?rest_route=%2Fwp%2Fv2%2Fcomments&post=855"}],"version-history":[{"count":57,"href":"https:\/\/wp.roimallen.com\/index.php?rest_route=\/wp\/v2\/pages\/855\/revisions"}],"predecessor-version":[{"id":1631,"href":"https:\/\/wp.roimallen.com\/index.php?rest_route=\/wp\/v2\/pages\/855\/revisions\/1631"}],"wp:featuredmedia":[{"embeddable":true,"href":"https:\/\/wp.roimallen.com\/index.php?rest_route=\/wp\/v2\/media\/802"}],"wp:attachment":[{"href":"https:\/\/wp.roimallen.com\/index.php?rest_route=%2Fwp%2Fv2%2Fmedia&parent=855"}],"curies":[{"name":"wp","href":"https:\/\/api.w.org\/{rel}","templated":true}]}}