{"id":1044,"date":"2016-07-20T06:57:17","date_gmt":"2016-07-20T06:57:17","guid":{"rendered":"http:\/\/wp.roimallen.com\/?page_id=1044"},"modified":"2017-04-18T12:18:17","modified_gmt":"2017-04-18T12:18:17","slug":"info-arquitectura","status":"publish","type":"page","link":"https:\/\/wp.roimallen.com\/?page_id=1044","title":{"rendered":"Info Arquitectura"},"content":{"rendered":"<p>Partiendo de un plano o boceto se realiza el modelado 3D, texturizado, iluminaci\u00f3n, render y postproducci\u00f3n para ofrecer al cliente im\u00e1genes y\/o v\u00eddeos realistas de su proyecto.<\/p>\n<p>Gracias a la <strong>previsualizaci\u00f3n<\/strong> <strong>arquitect\u00f3nica<\/strong> usted podr\u00e1 presentar de una manera atractiva la promoci\u00f3n de una obra antes de que esta se lleve a cabo, ofreciendo una <strong>visi\u00f3n de la vivienda<\/strong> y su entorno con m\u00e1s <strong>detalle<\/strong> y <strong>realismo<\/strong>.<\/p>\n\n\t\t<style type=\"text\/css\">\n\t\t\t#gallery-1 {\n\t\t\t\tmargin: auto;\n\t\t\t}\n\t\t\t#gallery-1 .gallery-item {\n\t\t\t\tfloat: left;\n\t\t\t\tmargin-top: 10px;\n\t\t\t\ttext-align: center;\n\t\t\t\twidth: 100%;\n\t\t\t}\n\t\t\t#gallery-1 img {\n\t\t\t\tborder: 2px solid #cfcfcf;\n\t\t\t}\n\t\t\t#gallery-1 .gallery-caption {\n\t\t\t\tmargin-left: 0;\n\t\t\t}\n\t\t\t\/* see gallery_shortcode() in wp-includes\/media.php *\/\n\t\t<\/style>\n\t\t<div id='gallery-1' class='gallery galleryid-1044 gallery-columns-1 gallery-size-full'><dl class='gallery-item'>\n\t\t\t<dt class='gallery-icon landscape'>\n\t\t\t\t<img width=\"1880\" height=\"869\" src=\"https:\/\/wp.roimallen.com\/wp-content\/uploads\/2016\/07\/intbillar.jpg\" class=\"attachment-full size-full\" alt=\"\" loading=\"lazy\" aria-describedby=\"gallery-1-1048\" srcset=\"https:\/\/wp.roimallen.com\/wp-content\/uploads\/2016\/07\/intbillar.jpg 1880w, https:\/\/wp.roimallen.com\/wp-content\/uploads\/2016\/07\/intbillar-300x139.jpg 300w, https:\/\/wp.roimallen.com\/wp-content\/uploads\/2016\/07\/intbillar-768x355.jpg 768w, https:\/\/wp.roimallen.com\/wp-content\/uploads\/2016\/07\/intbillar-1024x473.jpg 1024w\" sizes=\"(max-width: 1880px) 100vw, 1880px\" \/>\n\t\t\t<\/dt>\n\t\t\t\t<dd class='wp-caption-text gallery-caption' id='gallery-1-1048'>\n\t\t\t\tInterior anexo\n\t\t\t\t<\/dd><\/dl><br style=\"clear: both\" \/><dl class='gallery-item'>\n\t\t\t<dt class='gallery-icon landscape'>\n\t\t\t\t<img width=\"1920\" height=\"1080\" src=\"https:\/\/wp.roimallen.com\/wp-content\/uploads\/2016\/07\/simod-casa.jpg\" class=\"attachment-full size-full\" alt=\"\" loading=\"lazy\" aria-describedby=\"gallery-1-1051\" srcset=\"https:\/\/wp.roimallen.com\/wp-content\/uploads\/2016\/07\/simod-casa.jpg 1920w, https:\/\/wp.roimallen.com\/wp-content\/uploads\/2016\/07\/simod-casa-300x169.jpg 300w, https:\/\/wp.roimallen.com\/wp-content\/uploads\/2016\/07\/simod-casa-768x432.jpg 768w, https:\/\/wp.roimallen.com\/wp-content\/uploads\/2016\/07\/simod-casa-1024x576.jpg 1024w\" sizes=\"(max-width: 1920px) 100vw, 1920px\" \/>\n\t\t\t<\/dt>\n\t\t\t\t<dd class='wp-caption-text gallery-caption' id='gallery-1-1051'>\n\t\t\t\tSistema modular casa\n\t\t\t\t<\/dd><\/dl><br style=\"clear: both\" \/><dl class='gallery-item'>\n\t\t\t<dt class='gallery-icon landscape'>\n\t\t\t\t<img width=\"1920\" height=\"1080\" src=\"https:\/\/wp.roimallen.com\/wp-content\/uploads\/2016\/07\/simod-castillo.jpg\" class=\"attachment-full size-full\" alt=\"\" loading=\"lazy\" aria-describedby=\"gallery-1-1052\" srcset=\"https:\/\/wp.roimallen.com\/wp-content\/uploads\/2016\/07\/simod-castillo.jpg 1920w, https:\/\/wp.roimallen.com\/wp-content\/uploads\/2016\/07\/simod-castillo-300x169.jpg 300w, https:\/\/wp.roimallen.com\/wp-content\/uploads\/2016\/07\/simod-castillo-768x432.jpg 768w, https:\/\/wp.roimallen.com\/wp-content\/uploads\/2016\/07\/simod-castillo-1024x576.jpg 1024w\" sizes=\"(max-width: 1920px) 100vw, 1920px\" \/>\n\t\t\t<\/dt>\n\t\t\t\t<dd class='wp-caption-text gallery-caption' id='gallery-1-1052'>\n\t\t\t\tSistema modular castillo\n\t\t\t\t<\/dd><\/dl><br style=\"clear: both\" \/><dl class='gallery-item'>\n\t\t\t<dt class='gallery-icon landscape'>\n\t\t\t\t<img width=\"1920\" height=\"1080\" src=\"https:\/\/wp.roimallen.com\/wp-content\/uploads\/2016\/07\/apartamento.jpg\" class=\"attachment-full size-full\" alt=\"\" loading=\"lazy\" aria-describedby=\"gallery-1-1069\" srcset=\"https:\/\/wp.roimallen.com\/wp-content\/uploads\/2016\/07\/apartamento.jpg 1920w, https:\/\/wp.roimallen.com\/wp-content\/uploads\/2016\/07\/apartamento-300x169.jpg 300w, https:\/\/wp.roimallen.com\/wp-content\/uploads\/2016\/07\/apartamento-768x432.jpg 768w, https:\/\/wp.roimallen.com\/wp-content\/uploads\/2016\/07\/apartamento-1024x576.jpg 1024w\" sizes=\"(max-width: 1920px) 100vw, 1920px\" \/>\n\t\t\t<\/dt>\n\t\t\t\t<dd class='wp-caption-text gallery-caption' id='gallery-1-1069'>\n\t\t\t\tInterior apartamento\n\t\t\t\t<\/dd><\/dl><br style=\"clear: both\" \/><dl class='gallery-item'>\n\t\t\t<dt class='gallery-icon landscape'>\n\t\t\t\t<img width=\"1600\" height=\"1200\" src=\"https:\/\/wp.roimallen.com\/wp-content\/uploads\/2016\/07\/CrtfTaif.jpg\" class=\"attachment-full size-full\" alt=\"\" loading=\"lazy\" aria-describedby=\"gallery-1-1113\" srcset=\"https:\/\/wp.roimallen.com\/wp-content\/uploads\/2016\/07\/CrtfTaif.jpg 1600w, https:\/\/wp.roimallen.com\/wp-content\/uploads\/2016\/07\/CrtfTaif-300x225.jpg 300w, https:\/\/wp.roimallen.com\/wp-content\/uploads\/2016\/07\/CrtfTaif-768x576.jpg 768w, https:\/\/wp.roimallen.com\/wp-content\/uploads\/2016\/07\/CrtfTaif-1024x768.jpg 1024w\" sizes=\"(max-width: 1600px) 100vw, 1600px\" \/>\n\t\t\t<\/dt>\n\t\t\t\t<dd class='wp-caption-text gallery-caption' id='gallery-1-1113'>\n\t\t\t\tEscaparate comercio\n\t\t\t\t<\/dd><\/dl><br style=\"clear: both\" \/><dl class='gallery-item'>\n\t\t\t<dt class='gallery-icon landscape'>\n\t\t\t\t<img width=\"720\" height=\"576\" src=\"https:\/\/wp.roimallen.com\/wp-content\/uploads\/2009\/12\/weiss6.jpg\" class=\"attachment-full size-full\" alt=\"\" loading=\"lazy\" aria-describedby=\"gallery-1-317\" srcset=\"https:\/\/wp.roimallen.com\/wp-content\/uploads\/2009\/12\/weiss6.jpg 720w, https:\/\/wp.roimallen.com\/wp-content\/uploads\/2009\/12\/weiss6-300x240.jpg 300w\" sizes=\"(max-width: 720px) 100vw, 720px\" \/>\n\t\t\t<\/dt>\n\t\t\t\t<dd class='wp-caption-text gallery-caption' id='gallery-1-317'>\n\t\t\t\tWeiss House, escaleras.\n\t\t\t\t<\/dd><\/dl><br style=\"clear: both\" \/><dl class='gallery-item'>\n\t\t\t<dt class='gallery-icon landscape'>\n\t\t\t\t<img width=\"720\" height=\"576\" src=\"https:\/\/wp.roimallen.com\/wp-content\/uploads\/2009\/12\/weiss3.jpg\" class=\"attachment-full size-full\" alt=\"\" loading=\"lazy\" aria-describedby=\"gallery-1-314\" srcset=\"https:\/\/wp.roimallen.com\/wp-content\/uploads\/2009\/12\/weiss3.jpg 720w, https:\/\/wp.roimallen.com\/wp-content\/uploads\/2009\/12\/weiss3-300x240.jpg 300w\" sizes=\"(max-width: 720px) 100vw, 720px\" \/>\n\t\t\t<\/dt>\n\t\t\t\t<dd class='wp-caption-text gallery-caption' id='gallery-1-314'>\n\t\t\t\tWeiss House, pisos.\n\t\t\t\t<\/dd><\/dl><br style=\"clear: both\" \/>\n\t\t<\/div>\n\n<p>&nbsp;<\/p>\n<div class=\"single-post\"><\/div>\n<p>&nbsp;<\/p>\n<p>&nbsp;<\/p>\n<p>&nbsp;<\/p>\n<p>&nbsp;<\/p>\n<p>&nbsp;<\/p>\n<p>&nbsp;<\/p>\n<div class=\"single-post\"><\/div>\n<div class=\"single-post\"><\/div>\n<div class=\"single-post\"><\/div>\n<div class=\"single-post\"><\/div>\n<div class=\"single-post\"><\/div>\n<div class=\"single-post\"><\/div>\n<div class=\"single-post\"><\/div>\n<div class=\"single-post\"><\/div>\n<div class=\"single-post\"><\/div>\n<div class=\"single-post\"><\/div>\n<div class=\"single-post\"><\/div>\n<div class=\"single-post\"><\/div>\n<div class=\"single-post\"><\/div>\n<div class=\"single-post\"><\/div>\n<div class=\"single-post\"><\/div>\n<div class=\"single-post\"><\/div>\n<div class=\"single-post\"><\/div>\n<div class=\"single-post\"><\/div>\n<div class=\"single-post\"><\/div>\n<div class=\"single-post\"><\/div>\n<div class=\"single-post\"><\/div>\n<div class=\"single-post\"><\/div>\n<div class=\"single-post\"><\/div>\n<div class=\"single-post\"><\/div>\n<div class=\"single-post\"><\/div>\n<div class=\"single-post\"><\/div>\n<div class=\"single-post\"><\/div>\n","protected":false},"excerpt":{"rendered":"<p>Partiendo de un plano o boceto se realiza el modelado 3D, texturizado, iluminaci\u00f3n, render y postproducci\u00f3n para ofrecer al cliente im\u00e1genes y\/o v\u00eddeos realistas de su proyecto. Gracias a la previsualizaci\u00f3n arquitect\u00f3nica usted podr\u00e1 presentar de una manera atractiva la promoci\u00f3n de una obra antes de que esta se lleve a cabo, ofreciendo una visi\u00f3n [&hellip;]<\/p>\n","protected":false},"author":1,"featured_media":802,"parent":0,"menu_order":0,"comment_status":"closed","ping_status":"closed","template":"","meta":[],"_links":{"self":[{"href":"https:\/\/wp.roimallen.com\/index.php?rest_route=\/wp\/v2\/pages\/1044"}],"collection":[{"href":"https:\/\/wp.roimallen.com\/index.php?rest_route=\/wp\/v2\/pages"}],"about":[{"href":"https:\/\/wp.roimallen.com\/index.php?rest_route=\/wp\/v2\/types\/page"}],"author":[{"embeddable":true,"href":"https:\/\/wp.roimallen.com\/index.php?rest_route=\/wp\/v2\/users\/1"}],"replies":[{"embeddable":true,"href":"https:\/\/wp.roimallen.com\/index.php?rest_route=%2Fwp%2Fv2%2Fcomments&post=1044"}],"version-history":[{"count":16,"href":"https:\/\/wp.roimallen.com\/index.php?rest_route=\/wp\/v2\/pages\/1044\/revisions"}],"predecessor-version":[{"id":1115,"href":"https:\/\/wp.roimallen.com\/index.php?rest_route=\/wp\/v2\/pages\/1044\/revisions\/1115"}],"wp:featuredmedia":[{"embeddable":true,"href":"https:\/\/wp.roimallen.com\/index.php?rest_route=\/wp\/v2\/media\/802"}],"wp:attachment":[{"href":"https:\/\/wp.roimallen.com\/index.php?rest_route=%2Fwp%2Fv2%2Fmedia&parent=1044"}],"curies":[{"name":"wp","href":"https:\/\/api.w.org\/{rel}","templated":true}]}}