{"id":1030,"date":"2017-07-13T15:24:08","date_gmt":"2017-07-13T15:24:08","guid":{"rendered":"http:\/\/wp.roimallen.com\/?page_id=1030"},"modified":"2018-03-09T09:11:38","modified_gmt":"2018-03-09T09:11:38","slug":"training","status":"publish","type":"page","link":"https:\/\/wp.roimallen.com\/?page_id=1030","title":{"rendered":"Training"},"content":{"rendered":"<p style=\"text-align: left;\">Ofrezco servicios de formaci\u00f3n presencial, online o mixta para <strong>particulares<\/strong> y <strong>empresas<\/strong> de todos los niveles dentro de los campos del dise\u00f1o gr\u00e1fico, realizaci\u00f3n audiovisual, postproducci\u00f3n digital, previsualizaci\u00f3n arquitect\u00f3nica y 3D.<\/p>\n<p style=\"text-align: left;\">Poseo la <strong>Titulaci\u00f3n oficial de formador de formadores<\/strong> (SSCE0110_3) que me acredita para\u00a0 ser profesor de acciones formativas pertenecientes al plan FIP (Formaci\u00f3n Profesional Ocupacional), as\u00ed como de otros planes oficiales; formaci\u00f3n continua (FORCEM), Forintel, casas de oficios, escuelas taller, etc.<\/p>\n<p style=\"text-align: left;\">Pongo a tu disposici\u00f3n los siguientes cursos, adaptables a tus necesidades particulares o a las de tu empresa.<\/p>\n<h3><span style=\"color: #ff6600;\"><strong>Curso de iniciaci\u00f3n al trabajo en 3D<\/strong><\/span><\/h3>\n<p>En este curso de iniciaci\u00f3n al 3D se le proporciona al alumno una base s\u00f3lida sobre las diferentes fases que se desarrollan dentro de un proyecto 3D, se explican las diferentes herramientas de trabajo para que pueda realizar modelado de objetos, personajes b\u00e1sicos, objetos&#8230; as\u00ed como su texturizado y presentaci\u00f3n final.<\/p>\n<p>No se requieren conocimientos previos para realizar este curso.<\/p>\n<p><img loading=\"lazy\" class=\"alignleft size-full wp-image-1162\" src=\"http:\/\/wp.roimallen.com\/wp-content\/uploads\/2017\/06\/web-intro-3d.jpg\" alt=\"\" width=\"633\" height=\"352\" srcset=\"https:\/\/wp.roimallen.com\/wp-content\/uploads\/2017\/06\/web-intro-3d.jpg 633w, https:\/\/wp.roimallen.com\/wp-content\/uploads\/2017\/06\/web-intro-3d-300x167.jpg 300w\" sizes=\"(max-width: 633px) 100vw, 633px\" \/><\/p>\n<p><strong>Duraci\u00f3n aproximada<\/strong>: 120 horas.<\/p>\n<p><strong>Resumen de contenidos<\/strong><\/p>\n<ul>\n<li style=\"padding-left: 30px;\">Introducci\u00f3n y metodolog\u00eda de trabajo .<\/li>\n<li style=\"padding-left: 30px;\">Dise\u00f1o de producci\u00f3n para 3D.<\/li>\n<li style=\"padding-left: 30px;\">Modelado.<\/li>\n<li style=\"padding-left: 30px;\">Realizaci\u00f3n audiovisual.<\/li>\n<li style=\"padding-left: 30px;\">Animaci\u00f3n b\u00e1sica.<\/li>\n<li style=\"padding-left: 30px;\">Materiales.<\/li>\n<li style=\"padding-left: 30px;\">Iluminaci\u00f3n y render.<\/li>\n<li style=\"padding-left: 30px;\">Postproducci\u00f3n.<\/li>\n<li style=\"padding-left: 30px;\">Edici\u00f3n de video y audio.<\/li>\n<li style=\"padding-left: 30px;\">Proyecto final.<\/li>\n<\/ul>\n<p>&nbsp;<\/p>\n<h3><strong><span style=\"color: #ff6600;\">Proyectos publicitarios y de dise\u00f1o gr\u00e1fico en 3D.<\/span><br \/>\n<\/strong><\/h3>\n<p>Partiendo de ejemplos reales de trabajos en publicidad y\/o dise\u00f1o gr\u00e1fico se construyen lecciones con ejemplos pr\u00e1cticos en los cuales se ven todas las fases de creaci\u00f3n de estos proyectos tomando como base modelos en 3D. Este curso est\u00e1 pensado para dise\u00f1adores gr\u00e1ficos,dise\u00f1adores publicitarios, dise\u00f1adores de producto, fot\u00f3grafos&#8230; que quieran a\u00f1adir las t\u00e9cnicas del 3D a su rutina de trabajo.<\/p>\n<p>Este curso se complementa con el manual <a href=\"http:\/\/wp.roimallen.com\/?p=1164\"><em><strong>3D y postproducci\u00f3n para publicidad y dise\u00f1o gr\u00e1fico<\/strong><\/em><\/a> creado por Roi Mall\u00e9n.<\/p>\n<p>Se requieren conocimientos b\u00e1sicos previos en edici\u00f3n o postproducci\u00f3n de imagen para la realizaci\u00f3n de este curso, habilidades propias de dise\u00f1adores gr\u00e1ficos y\/o publicistas.<\/p>\n<p><img loading=\"lazy\" class=\"alignleft size-full wp-image-1157\" src=\"http:\/\/wp.roimallen.com\/wp-content\/uploads\/2017\/06\/grafpub.jpg\" alt=\"\" width=\"633\" height=\"352\" srcset=\"https:\/\/wp.roimallen.com\/wp-content\/uploads\/2017\/06\/grafpub.jpg 633w, https:\/\/wp.roimallen.com\/wp-content\/uploads\/2017\/06\/grafpub-300x167.jpg 300w\" sizes=\"(max-width: 633px) 100vw, 633px\" \/><\/p>\n<p><strong>Duraci\u00f3n aproximada<\/strong>: 350 horas.<\/p>\n<p><strong>Resumen de contenidos<br \/>\n<\/strong><\/p>\n<ul>\n<li>Creaci\u00f3n de logomarcas en 3D.<\/li>\n<li>Modelado de envases de producto.<\/li>\n<li>Lettering: expresi\u00f3n con letras.<\/li>\n<li>Embalaje sencillo y mapeado.<\/li>\n<li>Embalaje complejo.<\/li>\n<li>3d, post y poster publicitario<\/li>\n<li>Prototipado de objetos.<\/li>\n<li>Introducci\u00f3n a la impresi\u00f3n 3D.<\/li>\n<li>Creaci\u00f3n de MochUps de papeler\u00eda.<\/li>\n<\/ul>\n<p>&nbsp;<\/p>\n<h3><span style=\"color: #ff6600;\"><strong>Maquetas virtuales. Previsualizaci\u00f3n arquitect\u00f3nica.<br \/>\n<\/strong><\/span><\/h3>\n<p>Con el objetivo final de realizar im\u00e1genes y\/o un video promocional de una vivienda, el alumno aprender\u00eda todas las fases necesarias para llevar a cabo un proyecto que tenga como resultado final la previsualizaci\u00f3n de una edificaci\u00f3n. Desde el plano o la idea inicial hasta la postproducci\u00f3n para mejorar y a\u00f1adir elementos que aumenten la riqueza visual del render.<\/p>\n<p>Se requieren conocimientos previos b\u00e1sicos de programas Cad o de 3D, as\u00ed como de programas de retoque fotogr\u00e1fico.<\/p>\n<p><img loading=\"lazy\" class=\"alignleft size-full wp-image-1160\" src=\"http:\/\/wp.roimallen.com\/wp-content\/uploads\/2017\/06\/web-maquetas.jpg\" alt=\"\" width=\"633\" height=\"352\" srcset=\"https:\/\/wp.roimallen.com\/wp-content\/uploads\/2017\/06\/web-maquetas.jpg 633w, https:\/\/wp.roimallen.com\/wp-content\/uploads\/2017\/06\/web-maquetas-300x167.jpg 300w\" sizes=\"(max-width: 633px) 100vw, 633px\" \/><\/p>\n<p><strong>Duraci\u00f3n aproximada<\/strong>: 350 horas.<\/p>\n<p><strong>Resumen de contenidos<\/strong><\/p>\n<ul>\n<li>Del boceto a la maqueta 3D.<\/li>\n<li>T\u00e9cnicas de modelado.<\/li>\n<li>A\u00f1adir realismo a nuestros proyectos.<\/li>\n<li>Iluminaci\u00f3n y Render: imagen fija y v\u00eddeo.<\/li>\n<li>Edici\u00f3n de imagen y v\u00eddeo.<\/li>\n<li>T\u00e9cnicas de postproducci\u00f3n.<\/li>\n<li>Portfolio.<\/li>\n<\/ul>\n<p>&nbsp;<\/p>\n<h3><span style=\"color: #ff6600;\"><strong>Motion graphics y 3D.<\/strong><\/span><\/h3>\n<p>Analizando ejemplos reales se emplean programas de edici\u00f3n de retoque digital tanto fotogr\u00e1fico como de video con el fin de crear im\u00e1genes y contenidos aplicables a campos del sector audiovisual tales como televisi\u00f3n, publicidad, arquitectura, ilustraci\u00f3n&#8230; El objetivo del curso es que cada alumno cree una serie de proyectos audiovisuales mediante los que se explicar\u00e1n las diferentes herramientas, estilos t\u00e9cnicas empleadas profesionalmente.<\/p>\n<p>No se requieren conocimientos previos para la realizaci\u00f3n de este curso.<\/p>\n<p><img loading=\"lazy\" class=\"alignleft size-full wp-image-1385\" src=\"http:\/\/wp.roimallen.com\/wp-content\/uploads\/2018\/03\/mograp.jpg\" alt=\"\" width=\"633\" height=\"352\" srcset=\"https:\/\/wp.roimallen.com\/wp-content\/uploads\/2018\/03\/mograp.jpg 633w, https:\/\/wp.roimallen.com\/wp-content\/uploads\/2018\/03\/mograp-300x167.jpg 300w\" sizes=\"(max-width: 633px) 100vw, 633px\" \/><\/p>\n<p>&nbsp;<\/p>\n<p><strong>Duraci\u00f3n aproximada<\/strong>: 250 horas.<\/p>\n<p><strong>Resumen de contenidos<\/strong><\/p>\n<ul>\n<li>An\u00e1lisis de secuencias.<\/li>\n<li>Creaci\u00f3n y b\u00fasqueda de contenido.<\/li>\n<li>Edici\u00f3n y postproducci\u00f3n de vi\u00eddeo.<\/li>\n<li>T\u00e9cnicas de animaci\u00f3n.<\/li>\n<li>Realizaci\u00f3n de cabeceras.<\/li>\n<li>Estilos y tendencias del audiovisual.<\/li>\n<\/ul>\n<p>&nbsp;<\/p>\n<h3><span style=\"color: #ff6600;\"><strong>Retoque fotogr\u00e1fico y Matte Painting<\/strong><\/span><\/h3>\n<p>Gracias a pr\u00e1cticas que van aumentando en nivel de dificultad conocer\u00e1s las principales t\u00e9cnicas de edici\u00f3n y postproducci\u00f3n de imagen digital, llegando a t\u00e9cnicas avanzadas de matte painting o fotomontaje.<\/p>\n<p>Se requieren conocimientos b\u00e1sicos en retoque de imagen.<\/p>\n<p><img loading=\"lazy\" class=\"alignleft size-full wp-image-1180\" src=\"http:\/\/wp.roimallen.com\/wp-content\/uploads\/2017\/06\/retoquemate.jpg\" alt=\"\" width=\"633\" height=\"352\" srcset=\"https:\/\/wp.roimallen.com\/wp-content\/uploads\/2017\/06\/retoquemate.jpg 633w, https:\/\/wp.roimallen.com\/wp-content\/uploads\/2017\/06\/retoquemate-300x167.jpg 300w\" sizes=\"(max-width: 633px) 100vw, 633px\" \/><\/p>\n<p><strong>Duraci\u00f3n aproximada:<\/strong> 200 horas.<\/p>\n<p><strong>Resumen de contenidos<\/strong><\/p>\n<ul>\n<li>Preproducci\u00f3n y creaci\u00f3n de bocetos.<\/li>\n<li>An\u00e1lisis de referentes.<\/li>\n<li>Creaci\u00f3n de base de datos.<\/li>\n<li>T\u00e9cnicas de edici\u00f3n y postproducci\u00f3n de imagen.<\/li>\n<li>Teor\u00eda de la composici\u00f3n e integraci\u00f3n de imagen.<\/li>\n<li>Ambientaci\u00f3n y detalles.<\/li>\n<\/ul>\n<p>&nbsp;<\/p>\n<h3><span style=\"color: #ff6600;\"><strong>Edici\u00f3n y postproducci\u00f3n de v\u00eddeo<br \/>\n<\/strong><\/span><\/h3>\n<p>Planificaci\u00f3n y creaci\u00f3n de una composici\u00f3n audiovisual, desde la creaci\u00f3n de guiones y escaletas t\u00e9cnicas hasta la edici\u00f3n y postproducci\u00f3n, pasando por la creaci\u00f3n y grabaci\u00f3n de contenido.<\/p>\n<p>No se requieren conocimientos previos.<\/p>\n<p><strong>Duraci\u00f3n aproximada:<\/strong> 350 horas.<\/p>\n<p><strong>Resumen de contenidos<\/strong><\/p>\n<ul>\n<li>T\u00e9cnicas y teor\u00eda de montaje de v\u00eddeo.<\/li>\n<li>El lenguaje cinematogr\u00e1fico.<\/li>\n<li>Postproducci\u00f3n y efectos visuales.<\/li>\n<li>Grafismo y rotulaci\u00f3n.<\/li>\n<li>Introducci\u00f3n a motion graphics.<\/li>\n<li>An\u00e1lisis de referentes y ejemplos.<\/li>\n<\/ul>\n<p>&nbsp;<\/p>\n<h3><span style=\"color: #ff6600;\"><strong>Monogr\u00e1ficos de dise\u00f1o gr\u00e1fico, realizaci\u00f3n audiovisual y 3D.<\/strong><\/span><\/h3>\n<p>Monogr\u00e1ficos de programas de dise\u00f1o gr\u00e1fico y producci\u00f3n audiovisual adaptados a las necesidades del alumno, centrados en una faceta o \u00e1mbito determinado de trabajo, basados en pr\u00e1cticas de proyectos reales con la finallidad de que el alumno pueda aplicar de manera inmediata estos nuevos conocimientos en su vida laboral.<\/p>\n<ul>\n<li>Retoque fotogr\u00e1fico.<\/li>\n<li>Realizaci\u00f3n audiovisual.<\/li>\n<li>Dise\u00f1o gr\u00e1fico.<\/li>\n<li>Modelado,creaci\u00f3n de materiales, iluminaci\u00f3n y render 3D.<\/li>\n<li>Edici\u00f3n de v\u00eddeo.<\/li>\n<li>Postproducci\u00f3n de imagen.<\/li>\n<li>Arte digital.<\/li>\n<li>Infoarquitectura.<\/li>\n<\/ul>\n","protected":false},"excerpt":{"rendered":"<p>Ofrezco servicios de formaci\u00f3n presencial, online o mixta para particulares y empresas de todos los niveles dentro de los campos del dise\u00f1o gr\u00e1fico, realizaci\u00f3n audiovisual, postproducci\u00f3n digital, previsualizaci\u00f3n arquitect\u00f3nica y 3D. Poseo la Titulaci\u00f3n oficial de formador de formadores (SSCE0110_3) que me acredita para\u00a0 ser profesor de acciones formativas pertenecientes al plan FIP (Formaci\u00f3n Profesional [&hellip;]<\/p>\n","protected":false},"author":1,"featured_media":802,"parent":0,"menu_order":15,"comment_status":"closed","ping_status":"closed","template":"","meta":[],"_links":{"self":[{"href":"https:\/\/wp.roimallen.com\/index.php?rest_route=\/wp\/v2\/pages\/1030"}],"collection":[{"href":"https:\/\/wp.roimallen.com\/index.php?rest_route=\/wp\/v2\/pages"}],"about":[{"href":"https:\/\/wp.roimallen.com\/index.php?rest_route=\/wp\/v2\/types\/page"}],"author":[{"embeddable":true,"href":"https:\/\/wp.roimallen.com\/index.php?rest_route=\/wp\/v2\/users\/1"}],"replies":[{"embeddable":true,"href":"https:\/\/wp.roimallen.com\/index.php?rest_route=%2Fwp%2Fv2%2Fcomments&post=1030"}],"version-history":[{"count":34,"href":"https:\/\/wp.roimallen.com\/index.php?rest_route=\/wp\/v2\/pages\/1030\/revisions"}],"predecessor-version":[{"id":1386,"href":"https:\/\/wp.roimallen.com\/index.php?rest_route=\/wp\/v2\/pages\/1030\/revisions\/1386"}],"wp:featuredmedia":[{"embeddable":true,"href":"https:\/\/wp.roimallen.com\/index.php?rest_route=\/wp\/v2\/media\/802"}],"wp:attachment":[{"href":"https:\/\/wp.roimallen.com\/index.php?rest_route=%2Fwp%2Fv2%2Fmedia&parent=1030"}],"curies":[{"name":"wp","href":"https:\/\/api.w.org\/{rel}","templated":true}]}}