{"id":1028,"date":"2016-07-20T07:39:04","date_gmt":"2016-07-20T07:39:04","guid":{"rendered":"http:\/\/wp.roimallen.com\/?page_id=1028"},"modified":"2017-07-13T15:25:46","modified_gmt":"2017-07-13T15:25:46","slug":"motion-graphics","status":"publish","type":"page","link":"https:\/\/wp.roimallen.com\/?page_id=1028","title":{"rendered":"Motion Graphics"},"content":{"rendered":"<p>Partiendo de imagen real, animaci\u00f3n 3D y 2D creamos videos corporativos, presentaciones de proyectos y eventos, exposici\u00f3n de productos y cualquier tipo de <strong>producci\u00f3n audiovisual<\/strong> que ayude a la <strong>difusi\u00f3n<\/strong> de tu <strong>empresa<\/strong> o <strong>producto.<\/strong><\/p>\n<p>Mediante la postproducci\u00f3n de las im\u00e1genes y la elecci\u00f3n de una correcta banda sonora potenciamos el mensaje que queremos transmitir.<\/p>\n<p><strong><span style=\"color: #ff6600;\"><em>Campa\u00f1a publiciaria de ucr\u00f3nika<\/em><\/span><\/strong><\/p>\n<p>A continuaci\u00f3n puedes ver una recopilaci\u00f3n de los diferentes v\u00eddeos promocionales de la campa\u00f1a publicitaria del juego de mesa ucr\u00f3nika.<\/p>\n<div class=\"wp-embed\">\n<div class=\"player\"><iframe loading=\"lazy\" src=\"https:\/\/player.vimeo.com\/video\/175506158\" width=\"420\" height=\"236\" frameborder=\"0\" title=\"campa&ntilde;a ucronika\" webkitallowfullscreen mozallowfullscreen allowfullscreen><\/iframe><\/div>\n<\/div>\n<p>&nbsp;<\/p>\n","protected":false},"excerpt":{"rendered":"<p>Partiendo de imagen real, animaci\u00f3n 3D y 2D creamos videos corporativos, presentaciones de proyectos y eventos, exposici\u00f3n de productos y cualquier tipo de producci\u00f3n audiovisual que ayude a la difusi\u00f3n de tu empresa o producto. Mediante la postproducci\u00f3n de las im\u00e1genes y la elecci\u00f3n de una correcta banda sonora potenciamos el mensaje que queremos transmitir. [&hellip;]<\/p>\n","protected":false},"author":1,"featured_media":802,"parent":0,"menu_order":9,"comment_status":"closed","ping_status":"closed","template":"","meta":[],"_links":{"self":[{"href":"https:\/\/wp.roimallen.com\/index.php?rest_route=\/wp\/v2\/pages\/1028"}],"collection":[{"href":"https:\/\/wp.roimallen.com\/index.php?rest_route=\/wp\/v2\/pages"}],"about":[{"href":"https:\/\/wp.roimallen.com\/index.php?rest_route=\/wp\/v2\/types\/page"}],"author":[{"embeddable":true,"href":"https:\/\/wp.roimallen.com\/index.php?rest_route=\/wp\/v2\/users\/1"}],"replies":[{"embeddable":true,"href":"https:\/\/wp.roimallen.com\/index.php?rest_route=%2Fwp%2Fv2%2Fcomments&post=1028"}],"version-history":[{"count":10,"href":"https:\/\/wp.roimallen.com\/index.php?rest_route=\/wp\/v2\/pages\/1028\/revisions"}],"predecessor-version":[{"id":1092,"href":"https:\/\/wp.roimallen.com\/index.php?rest_route=\/wp\/v2\/pages\/1028\/revisions\/1092"}],"wp:featuredmedia":[{"embeddable":true,"href":"https:\/\/wp.roimallen.com\/index.php?rest_route=\/wp\/v2\/media\/802"}],"wp:attachment":[{"href":"https:\/\/wp.roimallen.com\/index.php?rest_route=%2Fwp%2Fv2%2Fmedia&parent=1028"}],"curies":[{"name":"wp","href":"https:\/\/api.w.org\/{rel}","templated":true}]}}